{"id":2,"date":"2018-10-25T10:48:26","date_gmt":"2018-10-25T08:48:26","guid":{"rendered":"http:\/\/theologie-jubilescence.com\/?page_id=2"},"modified":"2025-04-25T09:14:44","modified_gmt":"2025-04-25T07:14:44","slug":"page-d-exemple","status":"publish","type":"page","link":"https:\/\/theologie-jubilescence.com\/","title":{"rendered":"A propos"},"content":{"rendered":"\n<figure class=\"wp-block-image size-full\"><img loading=\"lazy\" decoding=\"async\" width=\"657\" height=\"656\" src=\"https:\/\/theologie-jubilescence.com\/wp-content\/uploads\/2025\/04\/ricochet-caillou-co2.jpg\" alt=\"\" class=\"wp-image-73\" srcset=\"https:\/\/theologie-jubilescence.com\/wp-content\/uploads\/2025\/04\/ricochet-caillou-co2.jpg 657w, https:\/\/theologie-jubilescence.com\/wp-content\/uploads\/2025\/04\/ricochet-caillou-co2-300x300.jpg 300w, https:\/\/theologie-jubilescence.com\/wp-content\/uploads\/2025\/04\/ricochet-caillou-co2-150x150.jpg 150w, https:\/\/theologie-jubilescence.com\/wp-content\/uploads\/2025\/04\/ricochet-caillou-co2-100x100.jpg 100w\" sizes=\"auto, (max-width: 657px) 100vw, 657px\" \/><\/figure>\n\n\n\n<p>\u00ab&nbsp;Th\u00e9ologie de la Jubilescence&nbsp;\u00bb, est un livre en pr\u00e9paration, par Jean-Marie de Bourqueney, pasteur \u00e0 l\u2019\u00e9glise protestante unie de Marly-le-Roi et environs, ancien directeur de R\u00e9forme et pasteur des Batignolles \u00e0 Paris 17\u00e8me de 2011 \u00e0 2022, Il est un th\u00e9ologien passionn\u00e9 par la th\u00e9ologie du Process.<\/p>\n\n\n\n<p>Ce site vous<a href=\"https:\/\/theologie-jubilescence.com\/index.php\/theologie-de-la-jubilescence-ou-la-renovation-du-langage-theologique\/\"> la pr\u00e9sente<\/a> en r\u00e9sum\u00e9 et vous informera de l\u2019arriv\u00e9e du livre, son actualit\u00e9, ses conf\u00e9rences \u2026 ainsi que d\u2019autres rubriques sur des sujets d\u2019actualit\u00e9s ou d\u2019\u00e9changes.<\/p>\n\n\n\n<p>A suivre \u2026<\/p>\n","protected":false},"excerpt":{"rendered":"<p>\u00ab&nbsp;Th\u00e9ologie de la Jubilescence&nbsp;\u00bb, est un livre en pr\u00e9paration, par Jean-Marie de Bourqueney, pasteur \u00e0 l\u2019\u00e9glise protestante unie de Marly-le-Roi et environs, ancien directeur de R\u00e9forme et pasteur des Batignolles \u00e0 Paris 17\u00e8me de 2011 \u00e0 2022, Il est un th\u00e9ologien passionn\u00e9 par la th\u00e9ologie du Process. Ce site vous la pr\u00e9sente en r\u00e9sum\u00e9 et &hellip; <\/p>\n<p class=\"link-more\"><a href=\"https:\/\/theologie-jubilescence.com\/\" class=\"more-link\">Continuer la lecture<span class=\"screen-reader-text\"> de &laquo;&nbsp;A propos&nbsp;&raquo;<\/span><\/a><\/p>\n","protected":false},"author":1,"featured_media":0,"parent":0,"menu_order":0,"comment_status":"closed","ping_status":"open","template":"","meta":{"footnotes":""},"class_list":["post-2","page","type-page","status-publish","hentry"],"yoast_head":"<!-- This site is optimized with the Yoast SEO plugin v24.9 - https:\/\/yoast.com\/wordpress\/plugins\/seo\/ -->\n<title>A propos - Th\u00e9ologie de la JUBILESCENCE<\/title>\n<meta name=\"robots\" content=\"index, follow, max-snippet:-1, max-image-preview:large, max-video-preview:-1\" \/>\n<link rel=\"canonical\" href=\"https:\/\/theologie-jubilescence.com\/\" \/>\n<meta property=\"og:locale\" content=\"fr_FR\" \/>\n<meta property=\"og:type\" content=\"article\" \/>\n<meta property=\"og:title\" content=\"A propos - Th\u00e9ologie de la JUBILESCENCE\" \/>\n<meta property=\"og:description\" content=\"\u00ab&nbsp;Th\u00e9ologie de la Jubilescence&nbsp;\u00bb, est un livre en pr\u00e9paration, par Jean-Marie de Bourqueney, pasteur \u00e0 l\u2019\u00e9glise protestante unie de Marly-le-Roi et environs, ancien directeur de R\u00e9forme et pasteur des Batignolles \u00e0 Paris 17\u00e8me de 2011 \u00e0 2022, Il est un th\u00e9ologien passionn\u00e9 par la th\u00e9ologie du Process. Ce site vous la pr\u00e9sente en r\u00e9sum\u00e9 et &hellip; Continuer la lecture de &laquo;&nbsp;A propos&nbsp;&raquo;\" \/>\n<meta property=\"og:url\" content=\"https:\/\/theologie-jubilescence.com\/\" \/>\n<meta property=\"og:site_name\" content=\"Th\u00e9ologie de la JUBILESCENCE\" \/>\n<meta property=\"article:modified_time\" content=\"2025-04-25T07:14:44+00:00\" \/>\n<meta property=\"og:image\" content=\"https:\/\/theologie-jubilescence.com\/wp-content\/uploads\/2025\/04\/ricochet-caillou-co2.jpg\" \/>\n\t<meta property=\"og:image:width\" content=\"657\" \/>\n\t<meta property=\"og:image:height\" content=\"656\" \/>\n\t<meta property=\"og:image:type\" content=\"image\/jpeg\" \/>\n<meta name=\"twitter:card\" content=\"summary_large_image\" \/>\n<meta name=\"twitter:label1\" content=\"Dur\u00e9e de lecture estim\u00e9e\" \/>\n\t<meta name=\"twitter:data1\" content=\"1 minute\" \/>\n<script type=\"application\/ld+json\" class=\"yoast-schema-graph\">{\"@context\":\"https:\/\/schema.org\",\"@graph\":[{\"@type\":\"WebPage\",\"@id\":\"https:\/\/theologie-jubilescence.com\/\",\"url\":\"https:\/\/theologie-jubilescence.com\/\",\"name\":\"A propos - Th\u00e9ologie de la JUBILESCENCE\",\"isPartOf\":{\"@id\":\"https:\/\/theologie-jubilescence.com\/#website\"},\"primaryImageOfPage\":{\"@id\":\"https:\/\/theologie-jubilescence.com\/#primaryimage\"},\"image\":{\"@id\":\"https:\/\/theologie-jubilescence.com\/#primaryimage\"},\"thumbnailUrl\":\"https:\/\/theologie-jubilescence.com\/wp-content\/uploads\/2025\/04\/ricochet-caillou-co2.jpg\",\"datePublished\":\"2018-10-25T08:48:26+00:00\",\"dateModified\":\"2025-04-25T07:14:44+00:00\",\"breadcrumb\":{\"@id\":\"https:\/\/theologie-jubilescence.com\/#breadcrumb\"},\"inLanguage\":\"fr-FR\",\"potentialAction\":[{\"@type\":\"ReadAction\",\"target\":[\"https:\/\/theologie-jubilescence.com\/\"]}]},{\"@type\":\"ImageObject\",\"inLanguage\":\"fr-FR\",\"@id\":\"https:\/\/theologie-jubilescence.com\/#primaryimage\",\"url\":\"https:\/\/theologie-jubilescence.com\/wp-content\/uploads\/2025\/04\/ricochet-caillou-co2.jpg\",\"contentUrl\":\"https:\/\/theologie-jubilescence.com\/wp-content\/uploads\/2025\/04\/ricochet-caillou-co2.jpg\",\"width\":657,\"height\":656},{\"@type\":\"BreadcrumbList\",\"@id\":\"https:\/\/theologie-jubilescence.com\/#breadcrumb\",\"itemListElement\":[{\"@type\":\"ListItem\",\"position\":1,\"name\":\"Accueil\",\"item\":\"https:\/\/theologie-jubilescence.com\/\"},{\"@type\":\"ListItem\",\"position\":2,\"name\":\"A propos\"}]},{\"@type\":\"WebSite\",\"@id\":\"https:\/\/theologie-jubilescence.com\/#website\",\"url\":\"https:\/\/theologie-jubilescence.com\/\",\"name\":\"Th\u00e9ologie de la JUBILESCENCE\",\"description\":\"par Jean-Marie de Bourqueney\",\"potentialAction\":[{\"@type\":\"SearchAction\",\"target\":{\"@type\":\"EntryPoint\",\"urlTemplate\":\"https:\/\/theologie-jubilescence.com\/?s={search_term_string}\"},\"query-input\":{\"@type\":\"PropertyValueSpecification\",\"valueRequired\":true,\"valueName\":\"search_term_string\"}}],\"inLanguage\":\"fr-FR\"}]}<\/script>\n<!-- \/ Yoast SEO plugin. -->","yoast_head_json":{"title":"A propos - Th\u00e9ologie de la JUBILESCENCE","robots":{"index":"index","follow":"follow","max-snippet":"max-snippet:-1","max-image-preview":"max-image-preview:large","max-video-preview":"max-video-preview:-1"},"canonical":"https:\/\/theologie-jubilescence.com\/","og_locale":"fr_FR","og_type":"article","og_title":"A propos - Th\u00e9ologie de la JUBILESCENCE","og_description":"\u00ab&nbsp;Th\u00e9ologie de la Jubilescence&nbsp;\u00bb, est un livre en pr\u00e9paration, par Jean-Marie de Bourqueney, pasteur \u00e0 l\u2019\u00e9glise protestante unie de Marly-le-Roi et environs, ancien directeur de R\u00e9forme et pasteur des Batignolles \u00e0 Paris 17\u00e8me de 2011 \u00e0 2022, Il est un th\u00e9ologien passionn\u00e9 par la th\u00e9ologie du Process. Ce site vous la pr\u00e9sente en r\u00e9sum\u00e9 et &hellip; Continuer la lecture de &laquo;&nbsp;A propos&nbsp;&raquo;","og_url":"https:\/\/theologie-jubilescence.com\/","og_site_name":"Th\u00e9ologie de la JUBILESCENCE","article_modified_time":"2025-04-25T07:14:44+00:00","og_image":[{"width":657,"height":656,"url":"https:\/\/theologie-jubilescence.com\/wp-content\/uploads\/2025\/04\/ricochet-caillou-co2.jpg","type":"image\/jpeg"}],"twitter_card":"summary_large_image","twitter_misc":{"Dur\u00e9e de lecture estim\u00e9e":"1 minute"},"schema":{"@context":"https:\/\/schema.org","@graph":[{"@type":"WebPage","@id":"https:\/\/theologie-jubilescence.com\/","url":"https:\/\/theologie-jubilescence.com\/","name":"A propos - Th\u00e9ologie de la JUBILESCENCE","isPartOf":{"@id":"https:\/\/theologie-jubilescence.com\/#website"},"primaryImageOfPage":{"@id":"https:\/\/theologie-jubilescence.com\/#primaryimage"},"image":{"@id":"https:\/\/theologie-jubilescence.com\/#primaryimage"},"thumbnailUrl":"https:\/\/theologie-jubilescence.com\/wp-content\/uploads\/2025\/04\/ricochet-caillou-co2.jpg","datePublished":"2018-10-25T08:48:26+00:00","dateModified":"2025-04-25T07:14:44+00:00","breadcrumb":{"@id":"https:\/\/theologie-jubilescence.com\/#breadcrumb"},"inLanguage":"fr-FR","potentialAction":[{"@type":"ReadAction","target":["https:\/\/theologie-jubilescence.com\/"]}]},{"@type":"ImageObject","inLanguage":"fr-FR","@id":"https:\/\/theologie-jubilescence.com\/#primaryimage","url":"https:\/\/theologie-jubilescence.com\/wp-content\/uploads\/2025\/04\/ricochet-caillou-co2.jpg","contentUrl":"https:\/\/theologie-jubilescence.com\/wp-content\/uploads\/2025\/04\/ricochet-caillou-co2.jpg","width":657,"height":656},{"@type":"BreadcrumbList","@id":"https:\/\/theologie-jubilescence.com\/#breadcrumb","itemListElement":[{"@type":"ListItem","position":1,"name":"Accueil","item":"https:\/\/theologie-jubilescence.com\/"},{"@type":"ListItem","position":2,"name":"A propos"}]},{"@type":"WebSite","@id":"https:\/\/theologie-jubilescence.com\/#website","url":"https:\/\/theologie-jubilescence.com\/","name":"Th\u00e9ologie de la JUBILESCENCE","description":"par Jean-Marie de Bourqueney","potentialAction":[{"@type":"SearchAction","target":{"@type":"EntryPoint","urlTemplate":"https:\/\/theologie-jubilescence.com\/?s={search_term_string}"},"query-input":{"@type":"PropertyValueSpecification","valueRequired":true,"valueName":"search_term_string"}}],"inLanguage":"fr-FR"}]}},"_links":{"self":[{"href":"https:\/\/theologie-jubilescence.com\/index.php\/wp-json\/wp\/v2\/pages\/2","targetHints":{"allow":["GET"]}}],"collection":[{"href":"https:\/\/theologie-jubilescence.com\/index.php\/wp-json\/wp\/v2\/pages"}],"about":[{"href":"https:\/\/theologie-jubilescence.com\/index.php\/wp-json\/wp\/v2\/types\/page"}],"author":[{"embeddable":true,"href":"https:\/\/theologie-jubilescence.com\/index.php\/wp-json\/wp\/v2\/users\/1"}],"replies":[{"embeddable":true,"href":"https:\/\/theologie-jubilescence.com\/index.php\/wp-json\/wp\/v2\/comments?post=2"}],"version-history":[{"count":10,"href":"https:\/\/theologie-jubilescence.com\/index.php\/wp-json\/wp\/v2\/pages\/2\/revisions"}],"predecessor-version":[{"id":85,"href":"https:\/\/theologie-jubilescence.com\/index.php\/wp-json\/wp\/v2\/pages\/2\/revisions\/85"}],"wp:attachment":[{"href":"https:\/\/theologie-jubilescence.com\/index.php\/wp-json\/wp\/v2\/media?parent=2"}],"curies":[{"name":"wp","href":"https:\/\/api.w.org\/{rel}","templated":true}]}}